{"id":2,"date":"2024-03-19T08:29:10","date_gmt":"2024-03-19T08:29:10","guid":{"rendered":"https:\/\/gobyreformas.rkinformatika.online\/?page_id=2"},"modified":"2024-03-22T09:55:00","modified_gmt":"2024-03-22T09:55:00","slug":"inicio","status":"publish","type":"page","link":"https:\/\/gobyreformas.com\/eu\/","title":{"rendered":"Hasiera"},"content":{"rendered":"<div data-elementor-type=\"wp-page\" data-elementor-id=\"2\" class=\"elementor elementor-2\" data-elementor-post-type=\"page\">\n\t\t\t\t<div class=\"elementor-element elementor-element-8b8bd38 e-flex e-con-boxed e-con e-parent\" data-id=\"8b8bd38\" data-element_type=\"container\" data-e-type=\"container\" data-settings=\"{&quot;background_background&quot;:&quot;classic&quot;}\">\n\t\t\t\t\t<div class=\"e-con-inner\">\n\t\t\t\t<div class=\"elementor-element elementor-element-b2553c1 elementor-invisible elementor-widget elementor-widget-heading\" data-id=\"b2553c1\" data-element_type=\"widget\" data-e-type=\"widget\" data-settings=\"{&quot;_animation&quot;:&quot;fadeInLeft&quot;}\" data-widget_type=\"heading.default\">\n\t\t\t\t<div class=\"elementor-widget-container\">\n\t\t\t\t\t<h2 class=\"elementor-heading-title elementor-size-default\">Ongi etorri!<\/h2>\t\t\t\t<\/div>\n\t\t\t\t<\/div>\n\t\t\t\t<div class=\"elementor-element elementor-element-46a636f elementor-widget__width-initial elementor-hidden-mobile elementor-invisible elementor-widget elementor-widget-text-editor\" data-id=\"46a636f\" data-element_type=\"widget\" data-e-type=\"widget\" data-settings=\"{&quot;_animation&quot;:&quot;fadeInRight&quot;}\" data-widget_type=\"text-editor.default\">\n\t\t\t\t<div class=\"elementor-widget-container\">\n\t\t\t\t\t\t\t\t\t<p>Goby Reformas proiektuan proiektuaren kudeaketa integrala eskaintzen dugu, <br \/>igeltserotzako edozein lanen kalitatea bermatuz.<\/p>\t\t\t\t\t\t\t\t<\/div>\n\t\t\t\t<\/div>\n\t\t\t\t<div class=\"elementor-element elementor-element-dd516aa elementor-widget__width-initial elementor-hidden-desktop elementor-hidden-tablet elementor-invisible elementor-widget elementor-widget-text-editor\" data-id=\"dd516aa\" data-element_type=\"widget\" data-e-type=\"widget\" data-settings=\"{&quot;_animation&quot;:&quot;fadeInRight&quot;}\" data-widget_type=\"text-editor.default\">\n\t\t\t\t<div class=\"elementor-widget-container\">\n\t\t\t\t\t\t\t\t\t<p>En Goby Reformas ofrecemos una<br \/>gesti\u00f3n integral del proyecto,<br \/>garantizando la calidad en cualquier<br \/>trabajo de alba\u00f1iler\u00eda.<\/p>\t\t\t\t\t\t\t\t<\/div>\n\t\t\t\t<\/div>\n\t\t\t\t<div class=\"elementor-element elementor-element-f82fe81 elementor-widget elementor-widget-button\" data-id=\"f82fe81\" data-element_type=\"widget\" data-e-type=\"widget\" data-widget_type=\"button.default\">\n\t\t\t\t<div class=\"elementor-widget-container\">\n\t\t\t\t\t\t\t\t\t<div class=\"elementor-button-wrapper\">\n\t\t\t\t\t<a class=\"elementor-button elementor-button-link elementor-size-sm\" href=\"https:\/\/gobyreformas.com\/eu\/contacto\/\">\n\t\t\t\t\t\t<span class=\"elementor-button-content-wrapper\">\n\t\t\t\t\t\t\t\t\t<span class=\"elementor-button-text\">Kontaktatu<\/span>\n\t\t\t\t\t<\/span>\n\t\t\t\t\t<\/a>\n\t\t\t\t<\/div>\n\t\t\t\t\t\t\t\t<\/div>\n\t\t\t\t<\/div>\n\t\t\t\t\t<\/div>\n\t\t\t\t<\/div>\n\t\t<div class=\"elementor-element elementor-element-e6887d3 e-con-full e-flex e-con e-parent\" data-id=\"e6887d3\" data-element_type=\"container\" data-e-type=\"container\" data-settings=\"{&quot;background_background&quot;:&quot;classic&quot;}\">\n\t\t<div class=\"elementor-element elementor-element-473df70 e-flex e-con-boxed e-con e-child\" data-id=\"473df70\" data-element_type=\"container\" data-e-type=\"container\">\n\t\t\t\t\t<div class=\"e-con-inner\">\n\t\t\t\t<div class=\"elementor-element elementor-element-3343c42 elementor-invisible elementor-widget elementor-widget-heading\" data-id=\"3343c42\" data-element_type=\"widget\" data-e-type=\"widget\" data-settings=\"{&quot;_animation&quot;:&quot;bounceInUp&quot;}\" data-widget_type=\"heading.default\">\n\t\t\t\t<div class=\"elementor-widget-container\">\n\t\t\t\t\t<h2 class=\"elementor-heading-title elementor-size-default\">Nor gara?<\/h2>\t\t\t\t<\/div>\n\t\t\t\t<\/div>\n\t\t\t\t\t<\/div>\n\t\t\t\t<\/div>\n\t\t<div class=\"elementor-element elementor-element-57689ad e-flex e-con-boxed e-con e-child\" data-id=\"57689ad\" data-element_type=\"container\" data-e-type=\"container\">\n\t\t\t\t\t<div class=\"e-con-inner\">\n\t\t\t\t<div class=\"elementor-element elementor-element-2e1af6d elementor-widget elementor-widget-text-editor\" data-id=\"2e1af6d\" data-element_type=\"widget\" data-e-type=\"widget\" data-widget_type=\"text-editor.default\">\n\t\t\t\t<div class=\"elementor-widget-container\">\n\t\t\t\t\t\t\t\t\t<p>Zure etxean espazio abegikor berri bat sortzeko edo zure enpresan, Goby Reformas enpresan, lan-giroa biziberritzeko, konpromisoa hartzen dugu kalitate handiko zerbitzuak eskaintzeko igeltserotzan eta barnealdeen berrikuntzetan, zure beharrak asetzeko.<\/p><p>Merkatuan 25 urteko esperientzia izanik, kualifikazio handiko gure profesionalen taldeak zerbitzu sorta zabala gauzatzeko behar diren ezagutza eta esperientzia ditu, igeltserotza-egiturak eraikitzetik hasi eta barne-espazioak erabat berritzeraino.<\/p>\t\t\t\t\t\t\t\t<\/div>\n\t\t\t\t<\/div>\n\t\t\t\t\t<\/div>\n\t\t\t\t<\/div>\n\t\t<div class=\"elementor-element elementor-element-970602d e-con-full e-flex e-con e-child\" data-id=\"970602d\" data-element_type=\"container\" data-e-type=\"container\">\n\t\t\t\t<div class=\"elementor-element elementor-element-5af01f2 elementor-widget elementor-widget-eael-image-accordion\" data-id=\"5af01f2\" data-element_type=\"widget\" data-e-type=\"widget\" data-widget_type=\"eael-image-accordion.default\">\n\t\t\t\t<div class=\"elementor-widget-container\">\n\t\t\t\t\t    <div class=\"eael-img-accordion accordion-direction-horizontal eael-img-accordion-horizontal-align-center eael-img-accordion-vertical-align-center\" id=\"eael-img-accordion-5af01f2\" data-img-accordion-id=\"5af01f2\" data-img-accordion-type=\"on-hover\">\n                    \n            <div class=\"eael-image-accordion-hover eael-image-accordion-item\" style=\"background-image: url(https:\/\/gobyreformas.com\/wp-content\/uploads\/2024\/03\/caucasian-remodeling-contractor.jpg);\"  tabindex=\"0\">\n                <div class=\"overlay\">\n                                        <div class=\"overlay-inner\">\n                                            <\/div>\n                <\/div>\n            <\/div>\n                    \n            <div class=\"eael-image-accordion-hover eael-image-accordion-item\" style=\"background-image: url(https:\/\/gobyreformas.com\/wp-content\/uploads\/2024\/03\/apartment-remodeling-work.jpg);\"  tabindex=\"0\">\n                <div class=\"overlay\">\n                                        <div class=\"overlay-inner\">\n                                            <\/div>\n                <\/div>\n            <\/div>\n                    \n            <div class=\"eael-image-accordion-hover eael-image-accordion-item\" style=\"background-image: url(https:\/\/gobyreformas.com\/wp-content\/uploads\/2024\/03\/under-construction-remodeling-installing-material-new-home-for-repairs-in-apartment-remodeling.jpg);\"  tabindex=\"0\">\n                <div class=\"overlay\">\n                                        <div class=\"overlay-inner\">\n                                            <\/div>\n                <\/div>\n            <\/div>\n                    \n            <div class=\"eael-image-accordion-hover eael-image-accordion-item\" style=\"background-image: url(https:\/\/gobyreformas.com\/wp-content\/uploads\/2024\/03\/remodeling-and-painting.jpg);\"  tabindex=\"0\">\n                <div class=\"overlay\">\n                                        <div class=\"overlay-inner\">\n                                            <\/div>\n                <\/div>\n            <\/div>\n                <\/div>\n        <style typr=\"text\/css\">\n                    #eael-img-accordion-5af01f2 .eael-image-accordion-hover:hover {\n                        flex: 3 1 0% !important;\n                    }\n                    #eael-img-accordion-5af01f2 .eael-image-accordion-hover:hover:hover .overlay-inner * {\n                        opacity: 1;\n                        visibility: visible;\n                        transform: none;\n                        transition: all .3s .3s;\n                    }\n                <\/style>\t\t\t\t<\/div>\n\t\t\t\t<\/div>\n\t\t\t\t<\/div>\n\t\t<div class=\"elementor-element elementor-element-f189e6d e-flex e-con-boxed e-con e-child\" data-id=\"f189e6d\" data-element_type=\"container\" data-e-type=\"container\">\n\t\t\t\t\t<div class=\"e-con-inner\">\n\t\t\t\t<div class=\"elementor-element elementor-element-03b7623 elementor-widget elementor-widget-text-editor\" data-id=\"03b7623\" data-element_type=\"widget\" data-e-type=\"widget\" data-widget_type=\"text-editor.default\">\n\t\t\t\t<div class=\"elementor-widget-container\">\n\t\t\t\t\t\t\t\t\t<p>Goby Reformas azokan, gure bezeroen itxaropenak gainditzeko konpromisoa hartu dugu, zerbitzu fidagarriak eta emaitza apartak eskainiz. Zure eraikuntza edo eraberritze proiektua edozein dela ere, hemen gaude errealitate bihurtzeko.<\/p><p>Zure kontaktuaren zain gaude!<\/p>\t\t\t\t\t\t\t\t<\/div>\n\t\t\t\t<\/div>\n\t\t\t\t\t<\/div>\n\t\t\t\t<\/div>\n\t\t\t\t<\/div>\n\t\t\t\t<\/div>","protected":false},"excerpt":{"rendered":"<p>\u00a1Bienvenido! En Goby Reformas ofrecemos una gesti\u00f3n integral del proyecto, garantizando la calidad en cualquier trabajo de alba\u00f1iler\u00eda. En Goby Reformas ofrecemos unagesti\u00f3n integral del proyecto,garantizando la calidad en cualquiertrabajo de alba\u00f1iler\u00eda. Cont\u00e1ctanos \u00bfQuienes Somos? Ya sea para crear un nuevo espacio acogedor en tu hogar o revitalizar el ambiente de trabajo en tu empresa, [&hellip;]<\/p>\n","protected":false},"author":1,"featured_media":0,"parent":0,"menu_order":0,"comment_status":"closed","ping_status":"closed","template":"","meta":{"footnotes":""},"class_list":["post-2","page","type-page","status-publish","hentry"],"yoast_head":"<!-- This site is optimized with the Yoast SEO plugin v27.3 - https:\/\/yoast.com\/product\/yoast-seo-wordpress\/ -->\n<title>Inicio - Goby Reformas<\/title>\n<meta name=\"robots\" content=\"index, follow, max-snippet:-1, max-image-preview:large, max-video-preview:-1\" \/>\n<link rel=\"canonical\" href=\"https:\/\/gobyreformas.com\/eu\/\" \/>\n<meta property=\"og:locale\" content=\"en_US\" \/>\n<meta property=\"og:type\" content=\"article\" \/>\n<meta property=\"og:title\" content=\"Inicio - Goby Reformas\" \/>\n<meta property=\"og:description\" content=\"\u00a1Bienvenido! En Goby Reformas ofrecemos una gesti\u00f3n integral del proyecto, garantizando la calidad en cualquier trabajo de alba\u00f1iler\u00eda. En Goby Reformas ofrecemos unagesti\u00f3n integral del proyecto,garantizando la calidad en cualquiertrabajo de alba\u00f1iler\u00eda. Cont\u00e1ctanos \u00bfQuienes Somos? Ya sea para crear un nuevo espacio acogedor en tu hogar o revitalizar el ambiente de trabajo en tu empresa, [&hellip;]\" \/>\n<meta property=\"og:url\" content=\"https:\/\/gobyreformas.com\/eu\/\" \/>\n<meta property=\"og:site_name\" content=\"Goby Reformas\" \/>\n<meta property=\"article:modified_time\" content=\"2024-03-22T09:55:00+00:00\" \/>\n<meta name=\"twitter:card\" content=\"summary_large_image\" \/>\n<meta name=\"twitter:label1\" content=\"Est. reading time\" \/>\n\t<meta name=\"twitter:data1\" content=\"1 minutua\" \/>\n<script type=\"application\/ld+json\" class=\"yoast-schema-graph\">{\"@context\":\"https:\\\/\\\/schema.org\",\"@graph\":[{\"@type\":\"WebPage\",\"@id\":\"https:\\\/\\\/gobyreformas.com\\\/\",\"url\":\"https:\\\/\\\/gobyreformas.com\\\/\",\"name\":\"Inicio - Goby Reformas\",\"isPartOf\":{\"@id\":\"https:\\\/\\\/gobyreformas.com\\\/#website\"},\"datePublished\":\"2024-03-19T08:29:10+00:00\",\"dateModified\":\"2024-03-22T09:55:00+00:00\",\"breadcrumb\":{\"@id\":\"https:\\\/\\\/gobyreformas.com\\\/#breadcrumb\"},\"inLanguage\":\"eu\",\"potentialAction\":[{\"@type\":\"ReadAction\",\"target\":[\"https:\\\/\\\/gobyreformas.com\\\/\"]}]},{\"@type\":\"BreadcrumbList\",\"@id\":\"https:\\\/\\\/gobyreformas.com\\\/#breadcrumb\",\"itemListElement\":[{\"@type\":\"ListItem\",\"position\":1,\"name\":\"Portada\",\"item\":\"https:\\\/\\\/gobyreformas.com\\\/\"},{\"@type\":\"ListItem\",\"position\":2,\"name\":\"Inicio\"}]},{\"@type\":\"WebSite\",\"@id\":\"https:\\\/\\\/gobyreformas.com\\\/#website\",\"url\":\"https:\\\/\\\/gobyreformas.com\\\/\",\"name\":\"Goby Reformas\",\"description\":\"\",\"publisher\":{\"@id\":\"https:\\\/\\\/gobyreformas.com\\\/#organization\"},\"potentialAction\":[{\"@type\":\"SearchAction\",\"target\":{\"@type\":\"EntryPoint\",\"urlTemplate\":\"https:\\\/\\\/gobyreformas.com\\\/?s={search_term_string}\"},\"query-input\":{\"@type\":\"PropertyValueSpecification\",\"valueRequired\":true,\"valueName\":\"search_term_string\"}}],\"inLanguage\":\"eu\"},{\"@type\":\"Organization\",\"@id\":\"https:\\\/\\\/gobyreformas.com\\\/#organization\",\"name\":\"Goby Reformas\",\"url\":\"https:\\\/\\\/gobyreformas.com\\\/\",\"logo\":{\"@type\":\"ImageObject\",\"inLanguage\":\"eu\",\"@id\":\"https:\\\/\\\/gobyreformas.com\\\/#\\\/schema\\\/logo\\\/image\\\/\",\"url\":\"https:\\\/\\\/gobyreformas.com\\\/wp-content\\\/uploads\\\/2024\\\/03\\\/cropped-LOGO_Mesa-de-trabajo-1_Mesa-de-trabajo-1.png\",\"contentUrl\":\"https:\\\/\\\/gobyreformas.com\\\/wp-content\\\/uploads\\\/2024\\\/03\\\/cropped-LOGO_Mesa-de-trabajo-1_Mesa-de-trabajo-1.png\",\"width\":332,\"height\":244,\"caption\":\"Goby Reformas\"},\"image\":{\"@id\":\"https:\\\/\\\/gobyreformas.com\\\/#\\\/schema\\\/logo\\\/image\\\/\"}}]}<\/script>\n<!-- \/ Yoast SEO plugin. -->","yoast_head_json":{"title":"Inicio - Goby Reformas","robots":{"index":"index","follow":"follow","max-snippet":"max-snippet:-1","max-image-preview":"max-image-preview:large","max-video-preview":"max-video-preview:-1"},"canonical":"https:\/\/gobyreformas.com\/eu\/","og_locale":"en_US","og_type":"article","og_title":"Inicio - Goby Reformas","og_description":"\u00a1Bienvenido! En Goby Reformas ofrecemos una gesti\u00f3n integral del proyecto, garantizando la calidad en cualquier trabajo de alba\u00f1iler\u00eda. En Goby Reformas ofrecemos unagesti\u00f3n integral del proyecto,garantizando la calidad en cualquiertrabajo de alba\u00f1iler\u00eda. Cont\u00e1ctanos \u00bfQuienes Somos? Ya sea para crear un nuevo espacio acogedor en tu hogar o revitalizar el ambiente de trabajo en tu empresa, [&hellip;]","og_url":"https:\/\/gobyreformas.com\/eu\/","og_site_name":"Goby Reformas","article_modified_time":"2024-03-22T09:55:00+00:00","twitter_card":"summary_large_image","twitter_misc":{"Est. reading time":"1 minutua"},"schema":{"@context":"https:\/\/schema.org","@graph":[{"@type":"WebPage","@id":"https:\/\/gobyreformas.com\/","url":"https:\/\/gobyreformas.com\/","name":"Inicio - Goby Reformas","isPartOf":{"@id":"https:\/\/gobyreformas.com\/#website"},"datePublished":"2024-03-19T08:29:10+00:00","dateModified":"2024-03-22T09:55:00+00:00","breadcrumb":{"@id":"https:\/\/gobyreformas.com\/#breadcrumb"},"inLanguage":"eu","potentialAction":[{"@type":"ReadAction","target":["https:\/\/gobyreformas.com\/"]}]},{"@type":"BreadcrumbList","@id":"https:\/\/gobyreformas.com\/#breadcrumb","itemListElement":[{"@type":"ListItem","position":1,"name":"Portada","item":"https:\/\/gobyreformas.com\/"},{"@type":"ListItem","position":2,"name":"Inicio"}]},{"@type":"WebSite","@id":"https:\/\/gobyreformas.com\/#website","url":"https:\/\/gobyreformas.com\/","name":"Goby Reformas","description":"","publisher":{"@id":"https:\/\/gobyreformas.com\/#organization"},"potentialAction":[{"@type":"SearchAction","target":{"@type":"EntryPoint","urlTemplate":"https:\/\/gobyreformas.com\/?s={search_term_string}"},"query-input":{"@type":"PropertyValueSpecification","valueRequired":true,"valueName":"search_term_string"}}],"inLanguage":"eu"},{"@type":"Organization","@id":"https:\/\/gobyreformas.com\/#organization","name":"Goby Reformas","url":"https:\/\/gobyreformas.com\/","logo":{"@type":"ImageObject","inLanguage":"eu","@id":"https:\/\/gobyreformas.com\/#\/schema\/logo\/image\/","url":"https:\/\/gobyreformas.com\/wp-content\/uploads\/2024\/03\/cropped-LOGO_Mesa-de-trabajo-1_Mesa-de-trabajo-1.png","contentUrl":"https:\/\/gobyreformas.com\/wp-content\/uploads\/2024\/03\/cropped-LOGO_Mesa-de-trabajo-1_Mesa-de-trabajo-1.png","width":332,"height":244,"caption":"Goby Reformas"},"image":{"@id":"https:\/\/gobyreformas.com\/#\/schema\/logo\/image\/"}}]}},"_links":{"self":[{"href":"https:\/\/gobyreformas.com\/eu\/wp-json\/wp\/v2\/pages\/2","targetHints":{"allow":["GET"]}}],"collection":[{"href":"https:\/\/gobyreformas.com\/eu\/wp-json\/wp\/v2\/pages"}],"about":[{"href":"https:\/\/gobyreformas.com\/eu\/wp-json\/wp\/v2\/types\/page"}],"author":[{"embeddable":true,"href":"https:\/\/gobyreformas.com\/eu\/wp-json\/wp\/v2\/users\/1"}],"replies":[{"embeddable":true,"href":"https:\/\/gobyreformas.com\/eu\/wp-json\/wp\/v2\/comments?post=2"}],"version-history":[{"count":175,"href":"https:\/\/gobyreformas.com\/eu\/wp-json\/wp\/v2\/pages\/2\/revisions"}],"predecessor-version":[{"id":507,"href":"https:\/\/gobyreformas.com\/eu\/wp-json\/wp\/v2\/pages\/2\/revisions\/507"}],"wp:attachment":[{"href":"https:\/\/gobyreformas.com\/eu\/wp-json\/wp\/v2\/media?parent=2"}],"curies":[{"name":"wp","href":"https:\/\/api.w.org\/{rel}","templated":true}]}}