{"id":22,"date":"2024-03-19T09:12:26","date_gmt":"2024-03-19T09:12:26","guid":{"rendered":"https:\/\/gobyreformas.rkinformatika.online\/?page_id=22"},"modified":"2024-03-20T15:25:17","modified_gmt":"2024-03-20T15:25:17","slug":"servicios","status":"publish","type":"page","link":"https:\/\/gobyreformas.com\/eu\/servicios\/","title":{"rendered":"Zerbitzuak"},"content":{"rendered":"<div data-elementor-type=\"wp-page\" data-elementor-id=\"22\" class=\"elementor elementor-22\" data-elementor-post-type=\"page\">\n\t\t\t\t<div class=\"elementor-element elementor-element-e14f45e e-flex e-con-boxed e-con e-parent\" data-id=\"e14f45e\" data-element_type=\"container\" data-e-type=\"container\" data-settings=\"{&quot;background_background&quot;:&quot;classic&quot;}\">\n\t\t\t\t\t<div class=\"e-con-inner\">\n\t\t\t\t<div class=\"elementor-element elementor-element-2aacb41 elementor-invisible elementor-widget elementor-widget-heading\" data-id=\"2aacb41\" data-element_type=\"widget\" data-e-type=\"widget\" data-settings=\"{&quot;_animation&quot;:&quot;fadeInLeft&quot;}\" data-widget_type=\"heading.default\">\n\t\t\t\t<div class=\"elementor-widget-container\">\n\t\t\t\t\t<h2 class=\"elementor-heading-title elementor-size-default\">Nuestros Servicios.<\/h2>\t\t\t\t<\/div>\n\t\t\t\t<\/div>\n\t\t\t\t\t<\/div>\n\t\t\t\t<\/div>\n\t\t<div class=\"elementor-element elementor-element-5e05a30 e-con-full e-flex e-con e-parent\" data-id=\"5e05a30\" data-element_type=\"container\" data-e-type=\"container\" data-settings=\"{&quot;background_background&quot;:&quot;classic&quot;}\">\n\t\t<div class=\"elementor-element elementor-element-b34451b e-flex e-con-boxed e-con e-child\" data-id=\"b34451b\" data-element_type=\"container\" data-e-type=\"container\">\n\t\t\t\t\t<div class=\"e-con-inner\">\n\t\t\t\t<div class=\"elementor-element elementor-element-98e6ace elementor-invisible elementor-widget elementor-widget-heading\" data-id=\"98e6ace\" data-element_type=\"widget\" data-e-type=\"widget\" data-settings=\"{&quot;_animation&quot;:&quot;bounceInUp&quot;}\" data-widget_type=\"heading.default\">\n\t\t\t\t<div class=\"elementor-widget-container\">\n\t\t\t\t\t<h2 class=\"elementor-heading-title elementor-size-default\">Transformando Ambientes con Excelencia<\/h2>\t\t\t\t<\/div>\n\t\t\t\t<\/div>\n\t\t\t\t\t<\/div>\n\t\t\t\t<\/div>\n\t\t<div class=\"elementor-element elementor-element-fa7bb3a e-flex e-con-boxed e-con e-child\" data-id=\"fa7bb3a\" data-element_type=\"container\" data-e-type=\"container\">\n\t\t\t\t\t<div class=\"e-con-inner\">\n\t\t\t\t<div class=\"elementor-element elementor-element-b058e5a elementor-widget elementor-widget-text-editor\" data-id=\"b058e5a\" data-element_type=\"widget\" data-e-type=\"widget\" data-widget_type=\"text-editor.default\">\n\t\t\t\t<div class=\"elementor-widget-container\">\n\t\t\t\t\t\t\t\t\t<p>Aqu\u00ed tienes algunos de los servicios que ofrecemos:<\/p>\t\t\t\t\t\t\t\t<\/div>\n\t\t\t\t<\/div>\n\t\t\t\t\t<\/div>\n\t\t\t\t<\/div>\n\t\t<div class=\"elementor-element elementor-element-b3d371f e-con-full e-flex e-con e-child\" data-id=\"b3d371f\" data-element_type=\"container\" data-e-type=\"container\">\n\t\t<div class=\"elementor-element elementor-element-83295d0 e-con-full e-flex e-con e-child\" data-id=\"83295d0\" data-element_type=\"container\" data-e-type=\"container\">\n\t\t<div class=\"elementor-element elementor-element-62d57ea e-con-full e-flex elementor-invisible e-con e-child\" data-id=\"62d57ea\" data-element_type=\"container\" data-e-type=\"container\" data-settings=\"{&quot;background_background&quot;:&quot;classic&quot;,&quot;animation&quot;:&quot;fadeInLeft&quot;}\">\n\t\t\t\t<div class=\"elementor-element elementor-element-8018aec elementor-widget elementor-widget-heading\" data-id=\"8018aec\" data-element_type=\"widget\" data-e-type=\"widget\" data-widget_type=\"heading.default\">\n\t\t\t\t<div class=\"elementor-widget-container\">\n\t\t\t\t\t<h5 class=\"elementor-heading-title elementor-size-default\">Alba\u00f1iler\u00eda Residencial y Comercial <\/h5>\t\t\t\t<\/div>\n\t\t\t\t<\/div>\n\t\t\t\t<div class=\"elementor-element elementor-element-73d9cb2 elementor-view-default elementor-widget elementor-widget-icon\" data-id=\"73d9cb2\" data-element_type=\"widget\" data-e-type=\"widget\" data-widget_type=\"icon.default\">\n\t\t\t\t<div class=\"elementor-widget-container\">\n\t\t\t\t\t\t\t<div class=\"elementor-icon-wrapper\">\n\t\t\t<div class=\"elementor-icon\">\n\t\t\t<svg xmlns=\"http:\/\/www.w3.org\/2000\/svg\" id=\"Capa_1\" data-name=\"Capa 1\" viewbox=\"0 0 347.99 347.99\"><title>alvenaria-01<\/title><path d=\"M234.57,87c-8.53,8.51-16.76,16.51-24.76,24.76-9.31,9.6-7.09,24.17,4.4,30.1,7.39,3.82,15.72,2.52,22-3.66,7.23-7.07,14.34-14.28,21.48-21.45,1-1,1.8-2.07,3.7-4.28,2.32,2.86,4.12,5.39,6.24,7.62,4.31,4.52,8.81,8.86,13.22,13.28,12.52,12.56,8,29.75-9.11,34.47q-46.89,12.91-93.85,25.6c-5.05,1.38-10.09,2.81-15.18,4.07-8,2-14.4-4.38-12.25-12.3,10-36.84,19.94-73.67,30.16-110.44,4.25-15.29,21.51-19.73,32.9-8.7C220.54,72.81,227.34,79.76,234.57,87Z\"><\/path><path d=\"M54,228q-23.06,0-46.12,0C2,227.95,0,226,0,220.08q0-16.31,0-32.62c0-5.39,2.1-7.49,7.49-7.49q46.5,0,93,0c5.39,0,7.49,2.11,7.5,7.48q0,16.5,0,33c0,5.38-2.12,7.49-7.49,7.5Q77.26,228,54,228Z\"><\/path><path d=\"M113.77,288Q90.9,288,68,288c-6.09,0-8-1.95-8-8.11q0-16.12,0-32.25c0-5.6,2.06-7.63,7.73-7.63q46.31,0,92.62,0c5.6,0,7.63,2.06,7.64,7.72q0,16.31,0,32.62c0,5.59-2.08,7.63-7.73,7.64Q137,288,113.77,288Z\"><\/path><path d=\"M234.13,288q-23.06,0-46.12,0c-6.07,0-8-2-8-8.13q0-16.12,0-32.25c0-5.59,2.07-7.61,7.75-7.61q46.31,0,92.62,0C286,240,288,242,288,247.71q0,16.31,0,32.62c0,5.57-2.09,7.61-7.75,7.62Q257.19,288,234.13,288Z\"><\/path><path d=\"M54,348q-23.06,0-46.12,0C2,347.95,0,346,0,340.07q0-16.31,0-32.62c0-5.39,2.1-7.48,7.49-7.48q46.5,0,93,0c5.38,0,7.48,2.11,7.49,7.49q0,16.5,0,33c0,5.38-2.12,7.48-7.5,7.49Q77.25,348,54,348Z\"><\/path><path d=\"M174.15,300q23.06,0,46.12,0c5.66,0,7.72,2,7.73,7.63q0,16.5,0,33c0,5.17-2.15,7.35-7.26,7.35q-46.68,0-93.37,0c-5.17,0-7.33-2.14-7.35-7.26q-.06-16.5,0-33c0-5.66,2-7.72,7.63-7.73Q150.9,299.93,174.15,300Z\"><\/path><path d=\"M294,348q-23.06,0-46.12,0c-5.89,0-7.88-2-7.89-7.85q0-16.31,0-32.62c0-5.4,2.09-7.51,7.47-7.51q46.5,0,93,0c5.4,0,7.5,2.1,7.52,7.47q0,16.5,0,33c0,5.39-2.11,7.51-7.48,7.52Q317.28,348,294,348Z\"><\/path><path d=\"M155.7,120.23c-3.55,13.07-7,25.83-10.49,38.57-2.5,9.16-2.53,9.15-12.09,9.15H68.25c-6.37,0-8.23-1.87-8.24-8.26,0-10.87,0-21.75,0-32.62,0-4.75,2.18-7.09,6.74-7.09q43.68-.06,87.36,0A12.63,12.63,0,0,1,155.7,120.23Z\"><\/path><path d=\"M283,81.6,266.32,64.89l23.34-31.13c6.07-8.09,12.11-16.2,18.21-24.26,5.71-7.54,13.23-11,22.61-9,9.17,1.95,15,7.75,16.95,16.93,2,9.39-1.4,17-8.93,22.63Q311.6,60.4,284.58,80.56C284,81,283.37,81.38,283,81.6Z\"><\/path><path d=\"M138.58,180.1c0,4.37-.65,8.56.12,12.48a21,21,0,0,0,25.82,16.68c19.95-5,39.74-10.63,59.59-16,1.18-.32,2.36-.59,3.86-1,0,10.2.11,20.05-.06,29.9-.06,3.46-2.34,5.37-5.8,5.71-.87.08-1.75,0-2.62,0h-91c-6.64,0-8.44-1.8-8.45-8.42q0-15.92,0-31.85c0-5.66,2-7.7,7.62-7.73,3.5,0,7,0,10.49,0A1.17,1.17,0,0,1,138.58,180.1Z\"><\/path><path d=\"M23.75,168c-5.5,0-11,0-16.5,0-5,0-7.2-2.17-7.22-7Q0,143.88,0,126.82c0-4.63,2.28-6.83,7-6.85q17.06-.07,34.12,0c4.63,0,6.83,2.28,6.85,7q.08,17.06,0,34.12c0,4.62-2.3,6.81-7,6.85C35.25,168,29.5,168,23.75,168Z\"><\/path><path d=\"M48,264.09c0,5.62,0,11.25,0,16.87-.05,4.69-2.24,7-6.87,7q-17.06.09-34.12,0c-4.7,0-6.95-2.23-7-6.87Q-.05,264,0,246.95c0-4.7,2.22-6.95,6.86-7Q24,239.89,41,240c4.82,0,6.95,2.26,7,7.24C48,252.84,48,258.46,48,264.09Z\"><\/path><path d=\"M300,263.58c0-5.5,0-11,0-16.5,0-4.91,2.2-7.09,7.11-7.11q16.87-.07,33.75,0c4.9,0,7.1,2.21,7.12,7.1q.07,16.87,0,33.75c0,4.9-2.22,7.1-7.11,7.12q-16.87.07-33.75,0c-4.9,0-7.07-2.21-7.11-7.11C300,275.08,300,269.33,300,263.58Z\"><\/path><path d=\"M261,77.6l9.13,9.26a17.39,17.39,0,0,1-1.46,1.9Q248.57,108.92,228.42,129c-.35.35-.7.72-1.08,1-3.07,2.56-6.86,2.46-9.43-.24s-2.53-6.23-.08-9.16c.64-.76,1.39-1.44,2.09-2.14l38.17-38.16C259,79.52,259.88,78.69,261,77.6Z\"><\/path><\/svg>\t\t\t<\/div>\n\t\t<\/div>\n\t\t\t\t\t\t<\/div>\n\t\t\t\t<\/div>\n\t\t\t\t<div class=\"elementor-element elementor-element-3d96f59 elementor-widget elementor-widget-text-editor\" data-id=\"3d96f59\" data-element_type=\"widget\" data-e-type=\"widget\" data-widget_type=\"text-editor.default\">\n\t\t\t\t<div class=\"elementor-widget-container\">\n\t\t\t\t\t\t\t\t\t<p>Construimos paredes, muros, divisiones y otras estructuras de alba\u00f1iler\u00eda para garantizar la solidez y seguridad de tus espacios residenciales o comerciales.<\/p>\t\t\t\t\t\t\t\t<\/div>\n\t\t\t\t<\/div>\n\t\t\t\t<\/div>\n\t\t<div class=\"elementor-element elementor-element-d053213 e-con-full e-flex elementor-invisible e-con e-child\" data-id=\"d053213\" data-element_type=\"container\" data-e-type=\"container\" data-settings=\"{&quot;background_background&quot;:&quot;classic&quot;,&quot;animation&quot;:&quot;fadeInLeft&quot;}\">\n\t\t\t\t<div class=\"elementor-element elementor-element-9ad54ae elementor-widget elementor-widget-heading\" data-id=\"9ad54ae\" data-element_type=\"widget\" data-e-type=\"widget\" data-widget_type=\"heading.default\">\n\t\t\t\t<div class=\"elementor-widget-container\">\n\t\t\t\t\t<h5 class=\"elementor-heading-title elementor-size-default\">Reforma de Interiores<\/h5>\t\t\t\t<\/div>\n\t\t\t\t<\/div>\n\t\t\t\t<div class=\"elementor-element elementor-element-57c65a3 elementor-view-default elementor-widget elementor-widget-icon\" data-id=\"57c65a3\" data-element_type=\"widget\" data-e-type=\"widget\" data-widget_type=\"icon.default\">\n\t\t\t\t<div class=\"elementor-widget-container\">\n\t\t\t\t\t\t\t<div class=\"elementor-icon-wrapper\">\n\t\t\t<div class=\"elementor-icon\">\n\t\t\t<svg xmlns=\"http:\/\/www.w3.org\/2000\/svg\" id=\"Capa_1\" data-name=\"Capa 1\" viewbox=\"0 0 387.23 339.94\"><title>reformas-de-casas-03<\/title><path d=\"M-.18,165.9C6.56,159.55,13.16,153,20.15,147c1.53-1.33,4.5-1.53,6.75-1.38,4.05.26,7.07-1.06,10.09-3.74,8.27-7.34,17.15-14,25.14-21.61,9.58-9.13,23.56-9.06,33.69-2.44a82.61,82.61,0,0,1,10.38,8.65c2.46,2.26,3.15,5.21,1.33,8.2s-4.45,3.91-7.78,2.77c-5.51-1.88-10-.42-13.92,3.83-3.45,3.79-7.09,7.4-10.92,11.38l36.31,45.29c2.62-3.25,4.92-6.21,7.34-9.06,3-3.52,5.87-7.15,9.16-10.36,3-2.88,2-4.95.08-7.95-2.73-4.34-5.42-9-6.74-13.86-2-7.37-1.06-15,3.65-21.21,6.62-8.77,15.3-14.82,26.46-16.28a62.29,62.29,0,0,1,12.69,0c2,.15,3.88,1.35,5.82,2.08l.85,1.59c-2.42,2-5,3.77-7.22,5.9-4.1,3.89-8.07,7.92-12,12-6.81,7-6.58,15.5.53,22.64s15.56,7.46,22.64.66c5.43-5.22,10.67-10.65,16-16,.87-.87,1.79-1.7,2.8-2.66,3.65,4.1,3.68,8.94,3.35,13.67-1,14.79-7.08,26.64-21.16,33-8.85,4-17.71,2.63-26.09-1.76-2.46-1.29-3.76-1.11-5.55,1.13-5.92,7.43-12.16,14.62-18.17,22a2.64,2.64,0,0,0,.1,2.51c9.79,12.06,19.69,24,29.52,36.06q6.56,8,13,16.18c4.09,5.23,3.72,11.5-.75,15.14-4.92,4-11.15,3.16-15.54-2.27-7.27-9-14.39-18.09-21.73-27-6.19-7.52-12.61-14.86-19.16-22.54L88.48,259.69c-7.23,9-14.39,18.08-21.7,27-3.42,4.19-8,5.29-12.48,3.35s-7.14-6.34-6.07-11A19.1,19.1,0,0,1,52,271.94c14.45-18.2,29-36.29,43.56-54.42.7-.88,1.37-1.79,2.26-3L59.55,166.77c-4,2.13-6,5.06-5.42,9.49s-1.24,7.69-4.64,10.48c-4.17,3.43-8,7.25-12.1,10.78-3.57,3.09-6.69,3.13-10-.07-8.36-8-16.6-16.09-24.84-24.19a28.55,28.55,0,0,1-2.68-3.59Q-.18,167.78-.18,165.9Z\"><\/path><path d=\"M387.41,205.11c-5.11,9.62-12.72,10.73-20.5,3Q303.34,144.5,239.8,80.91c-1.15-1.15-2.11-2.5-3.2-3.8l-46,46.09-13.29-16.5-1.24.9c.83-.9,1.63-1.82,2.5-2.68q24.11-24.13,48.24-48.24c6.48-6.48,11.66-6.5,18.12-.05q22,22,44,44c.94.94,1.94,1.83,3.48,3.27.1-2,.22-3.31.22-4.61,0-6.78-.17-13.58.13-20.35.28-6.32,4.86-10.47,10.71-10.28s10,4.71,10,11c.07,13.95.08,27.89,0,41.84a7.93,7.93,0,0,0,2.53,6.27q30.35,30.15,60.53,60.47c3.74,3.76,7.25,7.75,10.87,11.64Z\"><\/path><path d=\"M175.31,296.07c5.12-4.18,8.47-8.79,9.86-14.63,2.08-8.72-.32-16.3-5.85-23.16q-16.44-20.38-32.74-40.87c-.7-.87-1.36-1.78-2.18-2.86,1.68-2.11,3.06-4.44,5-6.09,1-.87,3.17-1,4.64-.68,17.52,3.69,32.51-.81,44.13-14.4,10.91-12.76,15.15-27.78,12.58-44.53a24.56,24.56,0,0,0-7-13.91c-2.12-2.13-4.42-4.09-6.78-6.26.87-1.07,1.34-1.77,1.92-2.36Q213.21,112,227.48,97.8c5.67-5.63,11.29-5.58,17,.16q53.85,53.81,107.72,107.6a16.28,16.28,0,0,1,4.93,12.16c0,17.71.22,35.43,0,53.14-.23,15-10.92,25.43-25.95,25.54q-26.19.2-52.39,0c-14.66-.12-25.11-9.8-25.73-24.46-.54-12.79-.22-25.62-.19-38.43,0-8.07-2.91-14.51-10.21-18.36-10.07-5.31-23,2.93-23.35,15.24-.41,13.05-.14,26.13-.18,39.19,0,8.48-2.56,16-9.59,21.09-3.36,2.43-7.46,4.72-11.45,5.17C190.82,296.66,183.4,296.07,175.31,296.07Z\"><\/path><\/svg>\t\t\t<\/div>\n\t\t<\/div>\n\t\t\t\t\t\t<\/div>\n\t\t\t\t<\/div>\n\t\t\t\t<div class=\"elementor-element elementor-element-5d1b932 elementor-widget elementor-widget-text-editor\" data-id=\"5d1b932\" data-element_type=\"widget\" data-e-type=\"widget\" data-widget_type=\"text-editor.default\">\n\t\t\t\t<div class=\"elementor-widget-container\">\n\t\t\t\t\t\t\t\t\t<p>Transformamos ambientes internos, renovando salas, cocinas, ba\u00f1os y m\u00e1s, para proporcionar un nuevo aspecto y funcionalidad a tus espacios.<\/p>\t\t\t\t\t\t\t\t<\/div>\n\t\t\t\t<\/div>\n\t\t\t\t<\/div>\n\t\t<div class=\"elementor-element elementor-element-9d9a172 e-con-full e-flex elementor-invisible e-con e-child\" data-id=\"9d9a172\" data-element_type=\"container\" data-e-type=\"container\" data-settings=\"{&quot;background_background&quot;:&quot;classic&quot;,&quot;animation&quot;:&quot;fadeInLeft&quot;}\">\n\t\t\t\t<div class=\"elementor-element elementor-element-b517c2e elementor-widget elementor-widget-heading\" data-id=\"b517c2e\" data-element_type=\"widget\" data-e-type=\"widget\" data-widget_type=\"heading.default\">\n\t\t\t\t<div class=\"elementor-widget-container\">\n\t\t\t\t\t<h5 class=\"elementor-heading-title elementor-size-default\"> Instalaci\u00f3n de Revestimientos<\/h5>\t\t\t\t<\/div>\n\t\t\t\t<\/div>\n\t\t\t\t<div class=\"elementor-element elementor-element-f62befb elementor-view-default elementor-widget elementor-widget-icon\" data-id=\"f62befb\" data-element_type=\"widget\" data-e-type=\"widget\" data-widget_type=\"icon.default\">\n\t\t\t\t<div class=\"elementor-widget-container\">\n\t\t\t\t\t\t\t<div class=\"elementor-icon-wrapper\">\n\t\t\t<div class=\"elementor-icon\">\n\t\t\t<svg xmlns=\"http:\/\/www.w3.org\/2000\/svg\" id=\"Capa_1\" data-name=\"Capa 1\" viewbox=\"0 0 348 347.99\"><title>rolo-de-pintura-02<\/title><path d=\"M257.38.92c2.08.86,4.24,1.56,6.22,2.61,11.33,6,17.16,15.47,17.47,28.2.22,9,0,18.11,0,27.53h44.37V192.15H162.41v28.28H189.2V348H114.8V220.66h27V171.82H305v-92c-7.75,0-15.42,0-23.08,0a1.59,1.59,0,0,0-1,.28c-5.57,4.67-12.26,3.33-18.6,3.22-8.28-.14-13.45-5.74-13.84-14.1-.65-14-7.11-24.45-19.83-30.4a36.85,36.85,0,0,0-13.39-3.13c-6.17-.33-12.57-.35-18.57.91-14.9,3.14-25.09,16-26.16,31.64-.73,10.66-5.54,15.15-16.26,15.18-2.49,0-5,.07-7.47-.08-7.67-.44-12.92-5.48-13.28-13.19-.6-12.93-5.85-23.09-17-29.92a29.35,29.35,0,0,0-16.1-4.64C93.79,35.79,87,35.54,80.56,37,66.16,40.28,56,53.58,55.5,68.37c-.33,9.74-5.66,15.08-15.39,15a82,82,0,0,1-13.11-1c-2.86-.48-4.27-2.42-4.21-5.86.24-14.16.1-28.32.1-42.48,0-16.72,7.49-27.26,23.24-32.71a2.47,2.47,0,0,0,.55-.39Z\"><\/path><path d=\"M22.53,103c9.4,0,18.27,1.18,26.69-.26,15.32-2.62,26-16.24,26.63-31.83C76.26,61,81.49,56,91.28,55.95c2.72,0,5.44-.05,8.15,0A13.59,13.59,0,0,1,112.81,68c.51,3.69.62,7.49,1.59,11.05a33.25,33.25,0,0,0,30.41,24.54c6.51.32,13.24.43,19.59-.82,15.2-3,25.74-16.13,26.45-31.63.47-10.2,5.71-15.2,16-15.21,2.15,0,4.3,0,6.46,0,9,.06,14.57,5.48,14.88,14.5.56,16.34,11.75,30.16,27.81,32.62,8,1.23,16.42.21,24.72.21,2.83,11.27-4.6,26-16.44,32.2A33,33,0,0,1,248.51,139c-16.08-.06-32.16,0-48.25,0q-72.37,0-144.74,0C39.9,139,27.61,130,24,115.67,23,111.59,23,107.26,22.53,103Z\"><\/path><\/svg>\t\t\t<\/div>\n\t\t<\/div>\n\t\t\t\t\t\t<\/div>\n\t\t\t\t<\/div>\n\t\t\t\t<div class=\"elementor-element elementor-element-373a84e elementor-widget elementor-widget-text-editor\" data-id=\"373a84e\" data-element_type=\"widget\" data-e-type=\"widget\" data-widget_type=\"text-editor.default\">\n\t\t\t\t<div class=\"elementor-widget-container\">\n\t\t\t\t\t\t\t\t\t<p>Colocamos revestimientos de alta calidad en paredes, suelos y techos, utilizando una variedad de materiales para garantizar durabilidad y belleza est\u00e9tica<\/p>\t\t\t\t\t\t\t\t<\/div>\n\t\t\t\t<\/div>\n\t\t\t\t<\/div>\n\t\t\t\t<\/div>\n\t\t\t\t<\/div>\n\t\t<div class=\"elementor-element elementor-element-6181c94 e-flex e-con-boxed e-con e-child\" data-id=\"6181c94\" data-element_type=\"container\" data-e-type=\"container\">\n\t\t\t\t\t<div class=\"e-con-inner\">\n\t\t\t\t<div class=\"elementor-element elementor-element-6d41ae7 elementor-widget elementor-widget-text-editor\" data-id=\"6d41ae7\" data-element_type=\"widget\" data-e-type=\"widget\" data-widget_type=\"text-editor.default\">\n\t\t\t\t<div class=\"elementor-widget-container\">\n\t\t\t\t\t\t\t\t\t<p>\u00a1Descubre todos nuestros servicios y lleva tu experiencia de construcci\u00f3n o reforma al siguiente nivel! Ponte en contacto con nosotros ahora mismo para entender mejor c\u00f3mo podemos transformar tus espacios y satisfacer tus necesidades con excelencia.<\/p>\t\t\t\t\t\t\t\t<\/div>\n\t\t\t\t<\/div>\n\t\t\t\t\t<\/div>\n\t\t\t\t<\/div>\n\t\t\t\t<\/div>\n\t\t\t\t<\/div>","protected":false},"excerpt":{"rendered":"<p>Nuestros Servicios. Transformando Ambientes con Excelencia Aqu\u00ed tienes algunos de los servicios que ofrecemos: Alba\u00f1iler\u00eda Residencial y Comercial alvenaria-01 Construimos paredes, muros, divisiones y otras estructuras de alba\u00f1iler\u00eda para garantizar la solidez y seguridad de tus espacios residenciales o comerciales. Reforma de Interiores reformas-de-casas-03 Transformamos ambientes internos, renovando salas, cocinas, ba\u00f1os y m\u00e1s, para proporcionar [&hellip;]<\/p>\n","protected":false},"author":1,"featured_media":0,"parent":0,"menu_order":0,"comment_status":"closed","ping_status":"closed","template":"","meta":{"footnotes":""},"class_list":["post-22","page","type-page","status-publish","hentry"],"yoast_head":"<!-- This site is optimized with the Yoast SEO plugin v27.3 - https:\/\/yoast.com\/product\/yoast-seo-wordpress\/ -->\n<title>Servicios - Goby Reformas<\/title>\n<meta name=\"robots\" content=\"index, follow, max-snippet:-1, max-image-preview:large, max-video-preview:-1\" \/>\n<link rel=\"canonical\" href=\"https:\/\/gobyreformas.com\/eu\/servicios\/\" \/>\n<meta property=\"og:locale\" content=\"en_US\" \/>\n<meta property=\"og:type\" content=\"article\" \/>\n<meta property=\"og:title\" content=\"Servicios - Goby Reformas\" \/>\n<meta property=\"og:description\" content=\"Nuestros Servicios. Transformando Ambientes con Excelencia Aqu\u00ed tienes algunos de los servicios que ofrecemos: Alba\u00f1iler\u00eda Residencial y Comercial alvenaria-01 Construimos paredes, muros, divisiones y otras estructuras de alba\u00f1iler\u00eda para garantizar la solidez y seguridad de tus espacios residenciales o comerciales. Reforma de Interiores reformas-de-casas-03 Transformamos ambientes internos, renovando salas, cocinas, ba\u00f1os y m\u00e1s, para proporcionar [&hellip;]\" \/>\n<meta property=\"og:url\" content=\"https:\/\/gobyreformas.com\/eu\/servicios\/\" \/>\n<meta property=\"og:site_name\" content=\"Goby Reformas\" \/>\n<meta property=\"article:modified_time\" content=\"2024-03-20T15:25:17+00:00\" \/>\n<meta name=\"twitter:card\" content=\"summary_large_image\" \/>\n<meta name=\"twitter:label1\" content=\"Est. reading time\" \/>\n\t<meta name=\"twitter:data1\" content=\"1 minutua\" \/>\n<script type=\"application\/ld+json\" class=\"yoast-schema-graph\">{\"@context\":\"https:\\\/\\\/schema.org\",\"@graph\":[{\"@type\":\"WebPage\",\"@id\":\"https:\\\/\\\/gobyreformas.com\\\/servicios\\\/\",\"url\":\"https:\\\/\\\/gobyreformas.com\\\/servicios\\\/\",\"name\":\"Servicios - Goby Reformas\",\"isPartOf\":{\"@id\":\"https:\\\/\\\/gobyreformas.com\\\/#website\"},\"datePublished\":\"2024-03-19T09:12:26+00:00\",\"dateModified\":\"2024-03-20T15:25:17+00:00\",\"breadcrumb\":{\"@id\":\"https:\\\/\\\/gobyreformas.com\\\/servicios\\\/#breadcrumb\"},\"inLanguage\":\"eu\",\"potentialAction\":[{\"@type\":\"ReadAction\",\"target\":[\"https:\\\/\\\/gobyreformas.com\\\/servicios\\\/\"]}]},{\"@type\":\"BreadcrumbList\",\"@id\":\"https:\\\/\\\/gobyreformas.com\\\/servicios\\\/#breadcrumb\",\"itemListElement\":[{\"@type\":\"ListItem\",\"position\":1,\"name\":\"Portada\",\"item\":\"https:\\\/\\\/gobyreformas.com\\\/\"},{\"@type\":\"ListItem\",\"position\":2,\"name\":\"Servicios\"}]},{\"@type\":\"WebSite\",\"@id\":\"https:\\\/\\\/gobyreformas.com\\\/#website\",\"url\":\"https:\\\/\\\/gobyreformas.com\\\/\",\"name\":\"Goby Reformas\",\"description\":\"\",\"publisher\":{\"@id\":\"https:\\\/\\\/gobyreformas.com\\\/#organization\"},\"potentialAction\":[{\"@type\":\"SearchAction\",\"target\":{\"@type\":\"EntryPoint\",\"urlTemplate\":\"https:\\\/\\\/gobyreformas.com\\\/?s={search_term_string}\"},\"query-input\":{\"@type\":\"PropertyValueSpecification\",\"valueRequired\":true,\"valueName\":\"search_term_string\"}}],\"inLanguage\":\"eu\"},{\"@type\":\"Organization\",\"@id\":\"https:\\\/\\\/gobyreformas.com\\\/#organization\",\"name\":\"Goby Reformas\",\"url\":\"https:\\\/\\\/gobyreformas.com\\\/\",\"logo\":{\"@type\":\"ImageObject\",\"inLanguage\":\"eu\",\"@id\":\"https:\\\/\\\/gobyreformas.com\\\/#\\\/schema\\\/logo\\\/image\\\/\",\"url\":\"https:\\\/\\\/gobyreformas.com\\\/wp-content\\\/uploads\\\/2024\\\/03\\\/cropped-LOGO_Mesa-de-trabajo-1_Mesa-de-trabajo-1.png\",\"contentUrl\":\"https:\\\/\\\/gobyreformas.com\\\/wp-content\\\/uploads\\\/2024\\\/03\\\/cropped-LOGO_Mesa-de-trabajo-1_Mesa-de-trabajo-1.png\",\"width\":332,\"height\":244,\"caption\":\"Goby Reformas\"},\"image\":{\"@id\":\"https:\\\/\\\/gobyreformas.com\\\/#\\\/schema\\\/logo\\\/image\\\/\"}}]}<\/script>\n<!-- \/ Yoast SEO plugin. -->","yoast_head_json":{"title":"Servicios - Goby Reformas","robots":{"index":"index","follow":"follow","max-snippet":"max-snippet:-1","max-image-preview":"max-image-preview:large","max-video-preview":"max-video-preview:-1"},"canonical":"https:\/\/gobyreformas.com\/eu\/servicios\/","og_locale":"en_US","og_type":"article","og_title":"Servicios - Goby Reformas","og_description":"Nuestros Servicios. Transformando Ambientes con Excelencia Aqu\u00ed tienes algunos de los servicios que ofrecemos: Alba\u00f1iler\u00eda Residencial y Comercial alvenaria-01 Construimos paredes, muros, divisiones y otras estructuras de alba\u00f1iler\u00eda para garantizar la solidez y seguridad de tus espacios residenciales o comerciales. Reforma de Interiores reformas-de-casas-03 Transformamos ambientes internos, renovando salas, cocinas, ba\u00f1os y m\u00e1s, para proporcionar [&hellip;]","og_url":"https:\/\/gobyreformas.com\/eu\/servicios\/","og_site_name":"Goby Reformas","article_modified_time":"2024-03-20T15:25:17+00:00","twitter_card":"summary_large_image","twitter_misc":{"Est. reading time":"1 minutua"},"schema":{"@context":"https:\/\/schema.org","@graph":[{"@type":"WebPage","@id":"https:\/\/gobyreformas.com\/servicios\/","url":"https:\/\/gobyreformas.com\/servicios\/","name":"Servicios - Goby Reformas","isPartOf":{"@id":"https:\/\/gobyreformas.com\/#website"},"datePublished":"2024-03-19T09:12:26+00:00","dateModified":"2024-03-20T15:25:17+00:00","breadcrumb":{"@id":"https:\/\/gobyreformas.com\/servicios\/#breadcrumb"},"inLanguage":"eu","potentialAction":[{"@type":"ReadAction","target":["https:\/\/gobyreformas.com\/servicios\/"]}]},{"@type":"BreadcrumbList","@id":"https:\/\/gobyreformas.com\/servicios\/#breadcrumb","itemListElement":[{"@type":"ListItem","position":1,"name":"Portada","item":"https:\/\/gobyreformas.com\/"},{"@type":"ListItem","position":2,"name":"Servicios"}]},{"@type":"WebSite","@id":"https:\/\/gobyreformas.com\/#website","url":"https:\/\/gobyreformas.com\/","name":"Goby Reformas","description":"","publisher":{"@id":"https:\/\/gobyreformas.com\/#organization"},"potentialAction":[{"@type":"SearchAction","target":{"@type":"EntryPoint","urlTemplate":"https:\/\/gobyreformas.com\/?s={search_term_string}"},"query-input":{"@type":"PropertyValueSpecification","valueRequired":true,"valueName":"search_term_string"}}],"inLanguage":"eu"},{"@type":"Organization","@id":"https:\/\/gobyreformas.com\/#organization","name":"Goby Reformas","url":"https:\/\/gobyreformas.com\/","logo":{"@type":"ImageObject","inLanguage":"eu","@id":"https:\/\/gobyreformas.com\/#\/schema\/logo\/image\/","url":"https:\/\/gobyreformas.com\/wp-content\/uploads\/2024\/03\/cropped-LOGO_Mesa-de-trabajo-1_Mesa-de-trabajo-1.png","contentUrl":"https:\/\/gobyreformas.com\/wp-content\/uploads\/2024\/03\/cropped-LOGO_Mesa-de-trabajo-1_Mesa-de-trabajo-1.png","width":332,"height":244,"caption":"Goby Reformas"},"image":{"@id":"https:\/\/gobyreformas.com\/#\/schema\/logo\/image\/"}}]}},"_links":{"self":[{"href":"https:\/\/gobyreformas.com\/eu\/wp-json\/wp\/v2\/pages\/22","targetHints":{"allow":["GET"]}}],"collection":[{"href":"https:\/\/gobyreformas.com\/eu\/wp-json\/wp\/v2\/pages"}],"about":[{"href":"https:\/\/gobyreformas.com\/eu\/wp-json\/wp\/v2\/types\/page"}],"author":[{"embeddable":true,"href":"https:\/\/gobyreformas.com\/eu\/wp-json\/wp\/v2\/users\/1"}],"replies":[{"embeddable":true,"href":"https:\/\/gobyreformas.com\/eu\/wp-json\/wp\/v2\/comments?post=22"}],"version-history":[{"count":47,"href":"https:\/\/gobyreformas.com\/eu\/wp-json\/wp\/v2\/pages\/22\/revisions"}],"predecessor-version":[{"id":489,"href":"https:\/\/gobyreformas.com\/eu\/wp-json\/wp\/v2\/pages\/22\/revisions\/489"}],"wp:attachment":[{"href":"https:\/\/gobyreformas.com\/eu\/wp-json\/wp\/v2\/media?parent=22"}],"curies":[{"name":"wp","href":"https:\/\/api.w.org\/{rel}","templated":true}]}}